{"id":54724,"date":"2025-05-20T19:34:03","date_gmt":"2025-05-21T00:34:03","guid":{"rendered":"https:\/\/www.basler.com\/verification-du-compte\/"},"modified":"2025-09-12T13:08:46","modified_gmt":"2025-09-12T18:08:46","slug":"verification-du-compte","status":"publish","type":"page","link":"https:\/\/e2psi.com\/fr\/verification-du-compte\/","title":{"rendered":"V\u00e9rification du compte"},"content":{"rendered":"<section  data-block-id=\"hammer_block_1577c7552c8f2d5de056e4a6f511262d\" data-block=\"user-verification\" class=\"block block-user-verification user-verification spacing-top-default spacing-bottom-default\">    <div class=\"wrapper\">\n                    <div class=\"headline-wrapper\">\n                <h2 id=\"hammer_component_69e03eda5efef\" data-component=\"headline\" class=\"component component-headline headline style-default\">V&eacute;rification du compte<\/h2>\n            <\/div>\n        \n        \t\t\t<div id=\"hammer_component_69e03eda5f0a2\" data-component=\"rich-text\" class=\"component component-rich-text rich-text\"><p>Le code de v&eacute;rification est introuvable. Veuillez vous rendre &agrave; la page Mon compte pour vous assurer que vous n&rsquo;avez pas d&eacute;j&agrave; v&eacute;rifi&eacute; votre adresse e-mail. S&rsquo;il n&rsquo;y a pas d&rsquo;avertissement, cela signifie que votre adresse e-mail a &eacute;t&eacute; v&eacute;rifi&eacute;e. Si l&rsquo;avertissement est pr&eacute;sent, vous pourrez demander un nouveau code de v&eacute;rification.   <\/p>\n<\/div>\n            <\/div>\n    <\/section>","protected":false},"excerpt":{"rendered":"","protected":false},"author":1,"featured_media":0,"parent":0,"menu_order":0,"comment_status":"closed","ping_status":"closed","template":"","meta":{"_acf_changed":false,"content-type":"","inline_featured_image":false,"ep_exclude_from_search":false,"footnotes":""},"class_list":["post-54724","page","type-page","status-publish","hentry"],"acf":[],"yoast_head":"<!-- This site is optimized with the Yoast SEO plugin v26.3 - https:\/\/yoast.com\/wordpress\/plugins\/seo\/ -->\n<title>V\u00e9rification du compte | Basler Electric<\/title>\n<meta name=\"description\" content=\"Assurez la s\u00e9curit\u00e9 de votre compte avec notre processus de v\u00e9rification facile. Prot\u00e9gez vos donn\u00e9es et acc\u00e9dez \u00e0 vos services en toute confiance.\" \/>\n<meta name=\"robots\" content=\"index, follow, max-snippet:-1, max-image-preview:large, max-video-preview:-1\" \/>\n<link rel=\"canonical\" href=\"https:\/\/e2psi.com\/fr\/verification-du-compte\/\" \/>\n<meta property=\"og:locale\" content=\"fr_FR\" \/>\n<meta property=\"og:type\" content=\"article\" \/>\n<meta property=\"og:title\" content=\"V\u00e9rification du compte | Basler Electric\" \/>\n<meta property=\"og:description\" content=\"Assurez la s\u00e9curit\u00e9 de votre compte avec notre processus de v\u00e9rification facile. Prot\u00e9gez vos donn\u00e9es et acc\u00e9dez \u00e0 vos services en toute confiance.\" \/>\n<meta property=\"og:url\" content=\"https:\/\/e2psi.com\/fr\/verification-du-compte\/\" \/>\n<meta property=\"og:site_name\" content=\"Basler Electric\" \/>\n<meta property=\"article:modified_time\" content=\"2025-09-12T18:08:46+00:00\" \/>\n<meta property=\"og:image\" content=\"https:\/\/e2psi.com\/wp-content\/uploads\/2025\/07\/Basler-Default-Image.jpg\" \/>\n\t<meta property=\"og:image:width\" content=\"1920\" \/>\n\t<meta property=\"og:image:height\" content=\"1080\" \/>\n\t<meta property=\"og:image:type\" content=\"image\/jpeg\" \/>\n<meta name=\"twitter:card\" content=\"summary_large_image\" \/>\n<script type=\"application\/ld+json\" class=\"yoast-schema-graph\">{\"@context\":\"https:\/\/schema.org\",\"@graph\":[{\"@type\":\"WebPage\",\"@id\":\"https:\/\/e2psi.com\/fr\/verification-du-compte\/\",\"url\":\"https:\/\/e2psi.com\/fr\/verification-du-compte\/\",\"name\":\"V\u00e9rification du compte | Basler Electric\",\"isPartOf\":{\"@id\":\"https:\/\/catalog.basler.com\/#website\"},\"datePublished\":\"2025-05-21T00:34:03+00:00\",\"dateModified\":\"2025-09-12T18:08:46+00:00\",\"description\":\"Assurez la s\u00e9curit\u00e9 de votre compte avec notre processus de v\u00e9rification facile. Prot\u00e9gez vos donn\u00e9es et acc\u00e9dez \u00e0 vos services en toute confiance.\",\"breadcrumb\":{\"@id\":\"https:\/\/e2psi.com\/fr\/verification-du-compte\/#breadcrumb\"},\"inLanguage\":\"fr-FR\",\"potentialAction\":[{\"@type\":\"ReadAction\",\"target\":[\"https:\/\/e2psi.com\/fr\/verification-du-compte\/\"]}]},{\"@type\":\"BreadcrumbList\",\"@id\":\"https:\/\/e2psi.com\/fr\/verification-du-compte\/#breadcrumb\",\"itemListElement\":[{\"@type\":\"ListItem\",\"position\":1,\"name\":\"Home\",\"item\":\"https:\/\/fr.basler.com\/fr\/\"},{\"@type\":\"ListItem\",\"position\":2,\"name\":\"V\u00e9rification du compte\"}]},{\"@type\":\"WebSite\",\"@id\":\"https:\/\/catalog.basler.com\/#website\",\"url\":\"https:\/\/catalog.basler.com\/\",\"name\":\"Basler Electric\",\"description\":\"\",\"publisher\":{\"@id\":\"https:\/\/catalog.basler.com\/#organization\"},\"potentialAction\":[{\"@type\":\"SearchAction\",\"target\":{\"@type\":\"EntryPoint\",\"urlTemplate\":\"https:\/\/catalog.basler.com\/?s={search_term_string}\"},\"query-input\":{\"@type\":\"PropertyValueSpecification\",\"valueRequired\":true,\"valueName\":\"search_term_string\"}}],\"inLanguage\":\"fr-FR\"},{\"@type\":\"Organization\",\"@id\":\"https:\/\/catalog.basler.com\/#organization\",\"name\":\"Basler Electric\",\"url\":\"https:\/\/catalog.basler.com\/\",\"logo\":{\"@type\":\"ImageObject\",\"inLanguage\":\"fr-FR\",\"@id\":\"https:\/\/catalog.basler.com\/#\/schema\/logo\/image\/\",\"url\":\"https:\/\/www.basler.com\/wp-content\/uploads\/2025\/10\/Basler-Logo-Favicon.png\",\"contentUrl\":\"https:\/\/www.basler.com\/wp-content\/uploads\/2025\/10\/Basler-Logo-Favicon.png\",\"width\":512,\"height\":512,\"caption\":\"Basler Electric\"},\"image\":{\"@id\":\"https:\/\/catalog.basler.com\/#\/schema\/logo\/image\/\"}}]}<\/script>\n<!-- \/ Yoast SEO plugin. -->","yoast_head_json":{"title":"V\u00e9rification du compte | Basler Electric","description":"Assurez la s\u00e9curit\u00e9 de votre compte avec notre processus de v\u00e9rification facile. Prot\u00e9gez vos donn\u00e9es et acc\u00e9dez \u00e0 vos services en toute confiance.","robots":{"index":"index","follow":"follow","max-snippet":"max-snippet:-1","max-image-preview":"max-image-preview:large","max-video-preview":"max-video-preview:-1"},"canonical":"https:\/\/e2psi.com\/fr\/verification-du-compte\/","og_locale":"fr_FR","og_type":"article","og_title":"V\u00e9rification du compte | Basler Electric","og_description":"Assurez la s\u00e9curit\u00e9 de votre compte avec notre processus de v\u00e9rification facile. Prot\u00e9gez vos donn\u00e9es et acc\u00e9dez \u00e0 vos services en toute confiance.","og_url":"https:\/\/e2psi.com\/fr\/verification-du-compte\/","og_site_name":"Basler Electric","article_modified_time":"2025-09-12T18:08:46+00:00","og_image":[{"width":1920,"height":1080,"url":"https:\/\/e2psi.com\/wp-content\/uploads\/2025\/07\/Basler-Default-Image.jpg","type":"image\/jpeg"}],"twitter_card":"summary_large_image","schema":{"@context":"https:\/\/schema.org","@graph":[{"@type":"WebPage","@id":"https:\/\/e2psi.com\/fr\/verification-du-compte\/","url":"https:\/\/e2psi.com\/fr\/verification-du-compte\/","name":"V\u00e9rification du compte | Basler Electric","isPartOf":{"@id":"https:\/\/catalog.basler.com\/#website"},"datePublished":"2025-05-21T00:34:03+00:00","dateModified":"2025-09-12T18:08:46+00:00","description":"Assurez la s\u00e9curit\u00e9 de votre compte avec notre processus de v\u00e9rification facile. Prot\u00e9gez vos donn\u00e9es et acc\u00e9dez \u00e0 vos services en toute confiance.","breadcrumb":{"@id":"https:\/\/e2psi.com\/fr\/verification-du-compte\/#breadcrumb"},"inLanguage":"fr-FR","potentialAction":[{"@type":"ReadAction","target":["https:\/\/e2psi.com\/fr\/verification-du-compte\/"]}]},{"@type":"BreadcrumbList","@id":"https:\/\/e2psi.com\/fr\/verification-du-compte\/#breadcrumb","itemListElement":[{"@type":"ListItem","position":1,"name":"Home","item":"https:\/\/fr.basler.com\/fr\/"},{"@type":"ListItem","position":2,"name":"V\u00e9rification du compte"}]},{"@type":"WebSite","@id":"https:\/\/catalog.basler.com\/#website","url":"https:\/\/catalog.basler.com\/","name":"Basler Electric","description":"","publisher":{"@id":"https:\/\/catalog.basler.com\/#organization"},"potentialAction":[{"@type":"SearchAction","target":{"@type":"EntryPoint","urlTemplate":"https:\/\/catalog.basler.com\/?s={search_term_string}"},"query-input":{"@type":"PropertyValueSpecification","valueRequired":true,"valueName":"search_term_string"}}],"inLanguage":"fr-FR"},{"@type":"Organization","@id":"https:\/\/catalog.basler.com\/#organization","name":"Basler Electric","url":"https:\/\/catalog.basler.com\/","logo":{"@type":"ImageObject","inLanguage":"fr-FR","@id":"https:\/\/catalog.basler.com\/#\/schema\/logo\/image\/","url":"https:\/\/www.basler.com\/wp-content\/uploads\/2025\/10\/Basler-Logo-Favicon.png","contentUrl":"https:\/\/www.basler.com\/wp-content\/uploads\/2025\/10\/Basler-Logo-Favicon.png","width":512,"height":512,"caption":"Basler Electric"},"image":{"@id":"https:\/\/catalog.basler.com\/#\/schema\/logo\/image\/"}}]}},"_links":{"self":[{"href":"https:\/\/e2psi.com\/fr\/wp-json\/wp\/v2\/pages\/54724","targetHints":{"allow":["GET"]}}],"collection":[{"href":"https:\/\/e2psi.com\/fr\/wp-json\/wp\/v2\/pages"}],"about":[{"href":"https:\/\/e2psi.com\/fr\/wp-json\/wp\/v2\/types\/page"}],"author":[{"embeddable":true,"href":"https:\/\/e2psi.com\/fr\/wp-json\/wp\/v2\/users\/1"}],"replies":[{"embeddable":true,"href":"https:\/\/e2psi.com\/fr\/wp-json\/wp\/v2\/comments?post=54724"}],"version-history":[{"count":1,"href":"https:\/\/e2psi.com\/fr\/wp-json\/wp\/v2\/pages\/54724\/revisions"}],"predecessor-version":[{"id":54726,"href":"https:\/\/e2psi.com\/fr\/wp-json\/wp\/v2\/pages\/54724\/revisions\/54726"}],"wp:attachment":[{"href":"https:\/\/e2psi.com\/fr\/wp-json\/wp\/v2\/media?parent=54724"}],"curies":[{"name":"wp","href":"https:\/\/api.w.org\/{rel}","templated":true}]}}