{"id":54086,"date":"2025-06-13T07:45:53","date_gmt":"2025-06-13T12:45:53","guid":{"rendered":"https:\/\/www.basler.com\/programmes-de-qualite-et-certifications\/"},"modified":"2025-09-12T11:56:08","modified_gmt":"2025-09-12T16:56:08","slug":"programmes-de-qualite-et-certifications","status":"publish","type":"page","link":"https:\/\/e2psi.com\/fr\/programmes-de-qualite-et-certifications\/","title":{"rendered":"Programmes de qualit\u00e9 et certifications"},"content":{"rendered":"<section  data-block-id=\"hammer_block_c9e246b49c0333d0c0676f40ea1cdc85\" data-block=\"text-2\" class=\"block block-text-2 text-2 bg-lumi\u00e8re spacing-top-petit spacing-bottom-petit\">    <div class=\"wrapper\">\n                    <div class=\"headline-wrapper\">\n                <h2 id=\"hammer_component_69decd6a80816\" data-component=\"headline\" class=\"component component-headline headline style-default\">Programmes de qualit&eacute; et certifications<\/h2>\n            <\/div>\n        \n                    <div class=\"columns single-column\">\n                                    <div class=\"column\">\n                        <div id=\"hammer_component_69decd6a80896\" data-component=\"rich-text\" class=\"component component-rich-text rich-text\"><p>La politique de qualit&eacute; de B&acirc;le Electric s&rsquo;applique &agrave; l&rsquo;ensemble de ses installations de production et utilise le m&ecirc;me syst&egrave;me con&ccedil;u pour r&eacute;pondre aux exigences n&eacute;cessaires &agrave; l&rsquo;obtention de la certification ISO.<\/p>\n<p><a href=\"https:\/\/www.basler.com\/wp-content\/uploads\/2025\/06\/AB100001.pdf\">Manuel du syst&egrave;me qualit&eacute; de B&acirc;le (Highland, Taylor)<\/a><\/p>\n<p>Gr&acirc;ce &agrave; ce syst&egrave;me, Basler Electric<\/p>\n<ul>\n<li>Met l&rsquo;accent sur la pr&eacute;vention des probl&egrave;mes, l&rsquo;am&eacute;lioration continue des processus et le respect de proc&eacute;dures bien document&eacute;es qui impliquent tous les employ&eacute;s, fournisseurs et associ&eacute;s.<\/li>\n<li>Englobe toutes les phases de la planification de la qualit&eacute;, les m&eacute;thodes d&rsquo;audit, les dossiers de qualit&eacute;, les instructions de travail et les proc&eacute;dures d&rsquo;essai et d&rsquo;inspection.<\/li>\n<li>&Eacute;tablir des contr&ocirc;les dans l&rsquo;ensemble de l&rsquo;organisation pour assurer la conformit&eacute; aux exigences dans tous les d&eacute;partements de l&rsquo;entreprise.<\/li>\n<li>Garantit l&rsquo;atteinte des objectifs de qualit&eacute; et minimise la possibilit&eacute; de compromis qui pourraient affecter la qualit&eacute; et la fiabilit&eacute; du produit.<\/li>\n<li>S&rsquo;engage &agrave; fournir les ressources n&eacute;cessaires au maintien du syst&egrave;me et des processus associ&eacute;s &agrave; la certification ISO.<\/li>\n<li>S&rsquo;efforce de s&rsquo;am&eacute;liorer continuellement gr&acirc;ce &agrave; la gestion de la qualit&eacute;.<\/li>\n<\/ul>\n<\/div>\n                    <\/div>\n                            <\/div>\n        \n            <\/div>\n    <\/section><section  data-block-id=\"hammer_block_134c968091eecdd24a043c22b10adf00\" data-block=\"text-2\" class=\"block block-text-2 text-2 bg-lumi\u00e8re spacing-top-petit spacing-bottom-petit\">    <div class=\"wrapper\">\n                    <div class=\"headline-wrapper\">\n                <h2 id=\"hammer_component_69decd6a81b07\" data-component=\"headline\" class=\"component component-headline headline style-default\">ISO Certifications<\/h2>\n            <\/div>\n        \n                    <div class=\"columns single-column\">\n                                    <div class=\"column\">\n                        <div id=\"hammer_component_69decd6a81b49\" data-component=\"rich-text\" class=\"component component-rich-text rich-text\"><p>les installations de Basler Electric &agrave; Highland, dans l&rsquo;Illinois ; Taylor, Texas&nbsp;; et Suzhou, en Chine, ont re&ccedil;u la certification ISO 9001:2015. Cliquez sur le lien ci-dessous pour t&eacute;l&eacute;charger des copies PDF du certificat ISO de chaque installation. <\/p>\n<ul>\n<li><a href=\"https:\/\/www.basler.com\/wp-content\/uploads\/2025\/06\/C0487071-IS5.pdf\">Highland, Illinois, &Eacute;tats-Unis<\/a><\/li>\n<li><a href=\"https:\/\/www.basler.com\/wp-content\/uploads\/2025\/06\/ChineseISO01242024.pdf\">Suzhou, Chine<\/a><\/li>\n<li><a href=\"https:\/\/www.basler.com\/wp-content\/uploads\/2025\/06\/C0487086-IS6.pdf\">Taylor, Texas, &Eacute;tats-Unis<\/a><\/li>\n<\/ul>\n<\/div>\n                    <\/div>\n                            <\/div>\n        \n            <\/div>\n    <\/section><section  data-block-id=\"hammer_block_0b0c6ab400a98605a6aa079f2e2392ee\" data-block=\"text-2\" class=\"block block-text-2 text-2 bg-lumi\u00e8re spacing-top-petit spacing-bottom-petit spacing-phone-top-petit spacing-phone-bottom-petit\">    <div class=\"wrapper\">\n                    <div class=\"headline-wrapper\">\n                <h2 id=\"hammer_component_69decd6a82b5b\" data-component=\"headline\" class=\"component component-headline headline style-default\">Normes de l&rsquo;Agence<\/h2>\n            <\/div>\n        \n                    <div class=\"columns single-column\">\n                                    <div class=\"column\">\n                        <div id=\"hammer_component_69decd6a82bb5\" data-component=\"rich-text\" class=\"component component-rich-text rich-text\"><p>Les produits Basler Electric r&eacute;pondent &agrave; de nombreuses normes d&rsquo;agence en vigueur. En fonction de l&rsquo;application, de la g&eacute;ographie ou des exigences du march&eacute;, il peut s&rsquo;agir de : <\/p>\n<\/div>\n                    <\/div>\n                            <\/div>\n        \n            <\/div>\n    <\/section><div  data-block-id=\"hammer_block_237fd97d46d2742752d128c5e83de178\" data-block=\"container\" class=\"block block-container container\">\n<div  data-block-id=\"hammer_block_4d7fdc9017da5d0a135fa7e176caaf93\" data-block=\"media\" class=\"block block-media media\"><div id=\"hammer_component_69decd6a936a3\" data-component=\"image-video\" class=\"component component-image-video image-video\"><figure id=\"hammer_component_69decd6a936c4\" data-component=\"image\" class=\"component component-image image\">\n        <picture class=\"picture\">\n            <img fetchpriority=\"high\" decoding=\"async\" width=\"1920\" height=\"1080\" src=\"https:\/\/e2psi.com\/wp-content\/uploads\/2025\/07\/Untitled-17.png\" class=\"img\" alt=\"\" loading=\"eager\" title=\"\" srcset=\"https:\/\/e2psi.com\/wp-content\/uploads\/2025\/07\/Untitled-17.png 1920w, https:\/\/e2psi.com\/wp-content\/uploads\/2025\/07\/Untitled-17-768x432.png 768w, https:\/\/e2psi.com\/wp-content\/uploads\/2025\/07\/Untitled-17-1024x576.png 1024w, https:\/\/e2psi.com\/wp-content\/uploads\/2025\/07\/Untitled-17-150x84.png 150w, https:\/\/e2psi.com\/wp-content\/uploads\/2025\/07\/Untitled-17-414x233.png 414w, https:\/\/e2psi.com\/wp-content\/uploads\/2025\/07\/Untitled-17-1600x900.png 1600w\" sizes=\"(max-width: 1920px) 100vw, 1920px\">        <\/picture>\n\n            <\/figure>\n<\/div>\n<\/div>\n<\/div><div  data-block-id=\"hammer_block_237fd97d46d2742752d128c5e83de178\" data-block=\"container\" class=\"block block-container container\">\n<div  data-block-id=\"hammer_block_030ff0a22c53c4708c475a71c416df4c\" data-block=\"media\" class=\"block block-media media\"><div id=\"hammer_component_69decd6a9aaf6\" data-component=\"image-video\" class=\"component component-image-video image-video\"><figure id=\"hammer_component_69decd6a9ab19\" data-component=\"image\" class=\"component component-image image\">\n        <picture class=\"picture\">\n            <img decoding=\"async\" width=\"1920\" height=\"1080\" src=\"https:\/\/e2psi.com\/wp-content\/uploads\/2025\/07\/Untitled-2-13.png\" class=\"img\" alt=\"\" loading=\"eager\" title=\"\" srcset=\"https:\/\/e2psi.com\/wp-content\/uploads\/2025\/07\/Untitled-2-13.png 1920w, https:\/\/e2psi.com\/wp-content\/uploads\/2025\/07\/Untitled-2-13-768x432.png 768w, https:\/\/e2psi.com\/wp-content\/uploads\/2025\/07\/Untitled-2-13-1024x576.png 1024w, https:\/\/e2psi.com\/wp-content\/uploads\/2025\/07\/Untitled-2-13-150x84.png 150w, https:\/\/e2psi.com\/wp-content\/uploads\/2025\/07\/Untitled-2-13-414x233.png 414w, https:\/\/e2psi.com\/wp-content\/uploads\/2025\/07\/Untitled-2-13-1600x900.png 1600w\" sizes=\"(max-width: 1920px) 100vw, 1920px\">        <\/picture>\n\n            <\/figure>\n<\/div>\n<\/div>\n<\/div>","protected":false},"excerpt":{"rendered":"","protected":false},"author":1,"featured_media":36928,"parent":0,"menu_order":0,"comment_status":"closed","ping_status":"closed","template":"","meta":{"_acf_changed":false,"content-type":"","inline_featured_image":false,"ep_exclude_from_search":false,"footnotes":""},"class_list":["post-54086","page","type-page","status-publish","has-post-thumbnail","hentry"],"acf":[],"yoast_head":"<!-- This site is optimized with the Yoast SEO plugin v26.3 - https:\/\/yoast.com\/wordpress\/plugins\/seo\/ -->\n<title>Programmes de qualit\u00e9 et certifications | Basler Electric<\/title>\n<meta name=\"description\" content=\"D\u00e9couvrez nos programmes de qualit\u00e9 et certifications qui garantissent une formation d&#039;excellence. Am\u00e9liorez vos comp\u00e9tences et boostez votre carri\u00e8re.\" \/>\n<meta name=\"robots\" content=\"index, follow, max-snippet:-1, max-image-preview:large, max-video-preview:-1\" \/>\n<link rel=\"canonical\" href=\"https:\/\/e2psi.com\/fr\/programmes-de-qualite-et-certifications\/\" \/>\n<meta property=\"og:locale\" content=\"fr_FR\" \/>\n<meta property=\"og:type\" content=\"article\" \/>\n<meta property=\"og:title\" content=\"Programmes de qualit\u00e9 et certifications | Basler Electric\" \/>\n<meta property=\"og:description\" content=\"D\u00e9couvrez nos programmes de qualit\u00e9 et certifications qui garantissent une formation d&#039;excellence. Am\u00e9liorez vos comp\u00e9tences et boostez votre carri\u00e8re.\" \/>\n<meta property=\"og:url\" content=\"https:\/\/e2psi.com\/fr\/programmes-de-qualite-et-certifications\/\" \/>\n<meta property=\"og:site_name\" content=\"Basler Electric\" \/>\n<meta property=\"article:modified_time\" content=\"2025-09-12T16:56:08+00:00\" \/>\n<meta property=\"og:image\" content=\"https:\/\/catalog.basler.com\/wp-content\/uploads\/2025\/07\/Untitled-17.png\" \/>\n\t<meta property=\"og:image:width\" content=\"1920\" \/>\n\t<meta property=\"og:image:height\" content=\"1080\" \/>\n\t<meta property=\"og:image:type\" content=\"image\/png\" \/>\n<meta name=\"twitter:card\" content=\"summary_large_image\" \/>\n<script type=\"application\/ld+json\" class=\"yoast-schema-graph\">{\"@context\":\"https:\/\/schema.org\",\"@graph\":[{\"@type\":\"WebPage\",\"@id\":\"https:\/\/e2psi.com\/fr\/programmes-de-qualite-et-certifications\/\",\"url\":\"https:\/\/e2psi.com\/fr\/programmes-de-qualite-et-certifications\/\",\"name\":\"Programmes de qualit\u00e9 et certifications | Basler Electric\",\"isPartOf\":{\"@id\":\"https:\/\/catalog.basler.com\/#website\"},\"primaryImageOfPage\":{\"@id\":\"https:\/\/e2psi.com\/fr\/programmes-de-qualite-et-certifications\/#primaryimage\"},\"image\":{\"@id\":\"https:\/\/e2psi.com\/fr\/programmes-de-qualite-et-certifications\/#primaryimage\"},\"thumbnailUrl\":\"https:\/\/e2psi.com\/wp-content\/uploads\/2025\/07\/Untitled-17.png\",\"datePublished\":\"2025-06-13T12:45:53+00:00\",\"dateModified\":\"2025-09-12T16:56:08+00:00\",\"description\":\"D\u00e9couvrez nos programmes de qualit\u00e9 et certifications qui garantissent une formation d'excellence. Am\u00e9liorez vos comp\u00e9tences et boostez votre carri\u00e8re.\",\"breadcrumb\":{\"@id\":\"https:\/\/e2psi.com\/fr\/programmes-de-qualite-et-certifications\/#breadcrumb\"},\"inLanguage\":\"fr-FR\",\"potentialAction\":[{\"@type\":\"ReadAction\",\"target\":[\"https:\/\/e2psi.com\/fr\/programmes-de-qualite-et-certifications\/\"]}]},{\"@type\":\"ImageObject\",\"inLanguage\":\"fr-FR\",\"@id\":\"https:\/\/e2psi.com\/fr\/programmes-de-qualite-et-certifications\/#primaryimage\",\"url\":\"https:\/\/e2psi.com\/wp-content\/uploads\/2025\/07\/Untitled-17.png\",\"contentUrl\":\"https:\/\/e2psi.com\/wp-content\/uploads\/2025\/07\/Untitled-17.png\",\"width\":1920,\"height\":1080},{\"@type\":\"BreadcrumbList\",\"@id\":\"https:\/\/e2psi.com\/fr\/programmes-de-qualite-et-certifications\/#breadcrumb\",\"itemListElement\":[{\"@type\":\"ListItem\",\"position\":1,\"name\":\"Home\",\"item\":\"https:\/\/fr.basler.com\/fr\/\"},{\"@type\":\"ListItem\",\"position\":2,\"name\":\"Programmes de qualit\u00e9 et certifications\"}]},{\"@type\":\"WebSite\",\"@id\":\"https:\/\/catalog.basler.com\/#website\",\"url\":\"https:\/\/catalog.basler.com\/\",\"name\":\"Basler Electric\",\"description\":\"\",\"publisher\":{\"@id\":\"https:\/\/catalog.basler.com\/#organization\"},\"potentialAction\":[{\"@type\":\"SearchAction\",\"target\":{\"@type\":\"EntryPoint\",\"urlTemplate\":\"https:\/\/catalog.basler.com\/?s={search_term_string}\"},\"query-input\":{\"@type\":\"PropertyValueSpecification\",\"valueRequired\":true,\"valueName\":\"search_term_string\"}}],\"inLanguage\":\"fr-FR\"},{\"@type\":\"Organization\",\"@id\":\"https:\/\/catalog.basler.com\/#organization\",\"name\":\"Basler Electric\",\"url\":\"https:\/\/catalog.basler.com\/\",\"logo\":{\"@type\":\"ImageObject\",\"inLanguage\":\"fr-FR\",\"@id\":\"https:\/\/catalog.basler.com\/#\/schema\/logo\/image\/\",\"url\":\"https:\/\/www.basler.com\/wp-content\/uploads\/2025\/10\/Basler-Logo-Favicon.png\",\"contentUrl\":\"https:\/\/www.basler.com\/wp-content\/uploads\/2025\/10\/Basler-Logo-Favicon.png\",\"width\":512,\"height\":512,\"caption\":\"Basler Electric\"},\"image\":{\"@id\":\"https:\/\/catalog.basler.com\/#\/schema\/logo\/image\/\"}}]}<\/script>\n<!-- \/ Yoast SEO plugin. -->","yoast_head_json":{"title":"Programmes de qualit\u00e9 et certifications | Basler Electric","description":"D\u00e9couvrez nos programmes de qualit\u00e9 et certifications qui garantissent une formation d'excellence. Am\u00e9liorez vos comp\u00e9tences et boostez votre carri\u00e8re.","robots":{"index":"index","follow":"follow","max-snippet":"max-snippet:-1","max-image-preview":"max-image-preview:large","max-video-preview":"max-video-preview:-1"},"canonical":"https:\/\/e2psi.com\/fr\/programmes-de-qualite-et-certifications\/","og_locale":"fr_FR","og_type":"article","og_title":"Programmes de qualit\u00e9 et certifications | Basler Electric","og_description":"D\u00e9couvrez nos programmes de qualit\u00e9 et certifications qui garantissent une formation d'excellence. Am\u00e9liorez vos comp\u00e9tences et boostez votre carri\u00e8re.","og_url":"https:\/\/e2psi.com\/fr\/programmes-de-qualite-et-certifications\/","og_site_name":"Basler Electric","article_modified_time":"2025-09-12T16:56:08+00:00","og_image":[{"width":1920,"height":1080,"url":"https:\/\/catalog.basler.com\/wp-content\/uploads\/2025\/07\/Untitled-17.png","type":"image\/png"}],"twitter_card":"summary_large_image","schema":{"@context":"https:\/\/schema.org","@graph":[{"@type":"WebPage","@id":"https:\/\/e2psi.com\/fr\/programmes-de-qualite-et-certifications\/","url":"https:\/\/e2psi.com\/fr\/programmes-de-qualite-et-certifications\/","name":"Programmes de qualit\u00e9 et certifications | Basler Electric","isPartOf":{"@id":"https:\/\/catalog.basler.com\/#website"},"primaryImageOfPage":{"@id":"https:\/\/e2psi.com\/fr\/programmes-de-qualite-et-certifications\/#primaryimage"},"image":{"@id":"https:\/\/e2psi.com\/fr\/programmes-de-qualite-et-certifications\/#primaryimage"},"thumbnailUrl":"https:\/\/e2psi.com\/wp-content\/uploads\/2025\/07\/Untitled-17.png","datePublished":"2025-06-13T12:45:53+00:00","dateModified":"2025-09-12T16:56:08+00:00","description":"D\u00e9couvrez nos programmes de qualit\u00e9 et certifications qui garantissent une formation d'excellence. Am\u00e9liorez vos comp\u00e9tences et boostez votre carri\u00e8re.","breadcrumb":{"@id":"https:\/\/e2psi.com\/fr\/programmes-de-qualite-et-certifications\/#breadcrumb"},"inLanguage":"fr-FR","potentialAction":[{"@type":"ReadAction","target":["https:\/\/e2psi.com\/fr\/programmes-de-qualite-et-certifications\/"]}]},{"@type":"ImageObject","inLanguage":"fr-FR","@id":"https:\/\/e2psi.com\/fr\/programmes-de-qualite-et-certifications\/#primaryimage","url":"https:\/\/e2psi.com\/wp-content\/uploads\/2025\/07\/Untitled-17.png","contentUrl":"https:\/\/e2psi.com\/wp-content\/uploads\/2025\/07\/Untitled-17.png","width":1920,"height":1080},{"@type":"BreadcrumbList","@id":"https:\/\/e2psi.com\/fr\/programmes-de-qualite-et-certifications\/#breadcrumb","itemListElement":[{"@type":"ListItem","position":1,"name":"Home","item":"https:\/\/fr.basler.com\/fr\/"},{"@type":"ListItem","position":2,"name":"Programmes de qualit\u00e9 et certifications"}]},{"@type":"WebSite","@id":"https:\/\/catalog.basler.com\/#website","url":"https:\/\/catalog.basler.com\/","name":"Basler Electric","description":"","publisher":{"@id":"https:\/\/catalog.basler.com\/#organization"},"potentialAction":[{"@type":"SearchAction","target":{"@type":"EntryPoint","urlTemplate":"https:\/\/catalog.basler.com\/?s={search_term_string}"},"query-input":{"@type":"PropertyValueSpecification","valueRequired":true,"valueName":"search_term_string"}}],"inLanguage":"fr-FR"},{"@type":"Organization","@id":"https:\/\/catalog.basler.com\/#organization","name":"Basler Electric","url":"https:\/\/catalog.basler.com\/","logo":{"@type":"ImageObject","inLanguage":"fr-FR","@id":"https:\/\/catalog.basler.com\/#\/schema\/logo\/image\/","url":"https:\/\/www.basler.com\/wp-content\/uploads\/2025\/10\/Basler-Logo-Favicon.png","contentUrl":"https:\/\/www.basler.com\/wp-content\/uploads\/2025\/10\/Basler-Logo-Favicon.png","width":512,"height":512,"caption":"Basler Electric"},"image":{"@id":"https:\/\/catalog.basler.com\/#\/schema\/logo\/image\/"}}]}},"_links":{"self":[{"href":"https:\/\/e2psi.com\/fr\/wp-json\/wp\/v2\/pages\/54086","targetHints":{"allow":["GET"]}}],"collection":[{"href":"https:\/\/e2psi.com\/fr\/wp-json\/wp\/v2\/pages"}],"about":[{"href":"https:\/\/e2psi.com\/fr\/wp-json\/wp\/v2\/types\/page"}],"author":[{"embeddable":true,"href":"https:\/\/e2psi.com\/fr\/wp-json\/wp\/v2\/users\/1"}],"replies":[{"embeddable":true,"href":"https:\/\/e2psi.com\/fr\/wp-json\/wp\/v2\/comments?post=54086"}],"version-history":[{"count":3,"href":"https:\/\/e2psi.com\/fr\/wp-json\/wp\/v2\/pages\/54086\/revisions"}],"predecessor-version":[{"id":54090,"href":"https:\/\/e2psi.com\/fr\/wp-json\/wp\/v2\/pages\/54086\/revisions\/54090"}],"wp:featuredmedia":[{"embeddable":true,"href":"https:\/\/e2psi.com\/fr\/wp-json\/wp\/v2\/media\/36928"}],"wp:attachment":[{"href":"https:\/\/e2psi.com\/fr\/wp-json\/wp\/v2\/media?parent=54086"}],"curies":[{"name":"wp","href":"https:\/\/api.w.org\/{rel}","templated":true}]}}