{"id":54083,"date":"2025-06-12T11:04:19","date_gmt":"2025-06-12T16:04:19","guid":{"rendered":"https:\/\/www.basler.com\/les-pfas\/"},"modified":"2025-09-12T11:55:39","modified_gmt":"2025-09-12T16:55:39","slug":"les-pfas","status":"publish","type":"page","link":"https:\/\/e2psi.com\/fr\/les-pfas\/","title":{"rendered":"Les PFAS"},"content":{"rendered":"<section  data-block-id=\"hammer_block_c0000f8dc49c9b814f9fe293615f474d\" data-block=\"text-2\" class=\"block block-text-2 text-2 bg-sombre spacing-top-normal spacing-bottom-normal\">    <div class=\"wrapper\">\n                    <div class=\"headline-wrapper\">\n                <h1 id=\"hammer_component_69df0db38028c\" data-component=\"headline\" class=\"component component-headline headline style-default\">Les PFAS<\/h1>\n            <\/div>\n        \n        \n            <\/div>\n    <\/section><section  data-block-id=\"hammer_block_d6bea25b0de18db549a42f134fa36332\" data-block=\"text-2\" class=\"block block-text-2 text-2 bg-lumi\u00e8re spacing-top-normal spacing-bottom-normal\">    <div class=\"wrapper\">\n        \n                    <div class=\"columns single-column\">\n                                    <div class=\"column\">\n                        <div id=\"hammer_component_69df0db38163a\" data-component=\"rich-text\" class=\"component component-rich-text rich-text\"><p>La B&acirc;le &Eacute;lectrique s&rsquo;engage &agrave; maintenir la conformit&eacute; des mat&eacute;riaux afin de r&eacute;pondre aux exigences r&eacute;glementaires et aux besoins de ses clients. Pour respecter cet engagement, nous avons d&eacute;velopp&eacute; des processus pour d&eacute;montrer la conformit&eacute; des produits aux r&eacute;glementations &agrave; l&rsquo;&eacute;chelle mondiale, y compris, mais sans s&rsquo;y limiter, RoHS (UE, ROYAUME-UNI et Chine, &agrave; l&rsquo;heure actuelle), la loi sur le contr&ocirc;le des substances toxiques (TSCA), le r&egrave;glement de la Commission de l&rsquo;Union europ&eacute;enne (EUC), (CE) n&deg; 1907\/2006 sur l&rsquo;enregistrement, l&rsquo;&eacute;valuation, l&rsquo;autorisation et la restriction des produits chimiques (REACH) et la proposition 65 de la Californie. Nos processus de conformit&eacute; sont p&eacute;riodiquement r&eacute;vis&eacute;s et mis &agrave; jour en fonction de l&rsquo;&eacute;volution des r&eacute;glementations et des meilleures pratiques de l&rsquo;industrie.  <\/p>\n<p>&Agrave; la lumi&egrave;re de l&rsquo;accent mis par la r&eacute;glementation sur les substances perfluoroalkyl&eacute;es et polyfluoroalkyl&eacute;es (PFAS), B&acirc;le &eacute;largit ses objectifs de conformit&eacute; des mat&eacute;riaux PFAS. Nos efforts de conformit&eacute; aux PFAS sont con&ccedil;us non seulement pour se conformer &agrave; nos obligations de conformit&eacute; r&eacute;glementaire, telles que les r&eacute;centes exigences de d&eacute;claration et de tenue de registres de la section 8(a)(7) de la TSCA pour les PFAS, mais aussi pour fournir des informations &agrave; nos clients. <\/p>\n<p>Nous effectuons actuellement l&rsquo;analyse d&eacute;taill&eacute;e de la cha&icirc;ne d&rsquo;approvisionnement n&eacute;cessaire pour d&eacute;terminer lesquels de nos produits peuvent contenir des PFAS. B&acirc;le s&rsquo;engage activement &agrave; obtenir les informations n&eacute;cessaires aupr&egrave;s de ses fournisseurs et signalera la teneur en PFAS des produits concern&eacute;s sur la base des informations disponibles par le biais du processus d&rsquo;avis aux clients existant de B&acirc;le. <\/p>\n<p>&Agrave; la suite de son analyse de la cha&icirc;ne d&rsquo;approvisionnement, B&acirc;le apportera &eacute;galement des modifications de conception, si n&eacute;cessaire, afin de garantir que le soutien continu des cycles de vie des produits puisse se poursuivre dans la mesure du possible. Tout impact sur nos clients sera signal&eacute; en temps opportun. <\/p>\n<\/div>\n                    <\/div>\n                            <\/div>\n        \n            <\/div>\n    <\/section>","protected":false},"excerpt":{"rendered":"","protected":false},"author":1,"featured_media":0,"parent":0,"menu_order":0,"comment_status":"closed","ping_status":"closed","template":"","meta":{"_acf_changed":false,"content-type":"","inline_featured_image":false,"ep_exclude_from_search":false,"footnotes":""},"class_list":["post-54083","page","type-page","status-publish","hentry"],"acf":[],"yoast_head":"<!-- This site is optimized with the Yoast SEO plugin v26.3 - https:\/\/yoast.com\/wordpress\/plugins\/seo\/ -->\n<title>Les PFAS | Basler Electric<\/title>\n<meta name=\"description\" content=\"D\u00e9couvrez tout sur les PFAS : ces substances chimiques persistantes et leurs impacts sur la sant\u00e9 et l&#039;environnement. Informez-vous d\u00e8s maintenant!\" \/>\n<meta name=\"robots\" content=\"index, follow, max-snippet:-1, max-image-preview:large, max-video-preview:-1\" \/>\n<link rel=\"canonical\" href=\"https:\/\/e2psi.com\/fr\/les-pfas\/\" \/>\n<meta property=\"og:locale\" content=\"fr_FR\" \/>\n<meta property=\"og:type\" content=\"article\" \/>\n<meta property=\"og:title\" content=\"Les PFAS | Basler Electric\" \/>\n<meta property=\"og:description\" content=\"D\u00e9couvrez tout sur les PFAS : ces substances chimiques persistantes et leurs impacts sur la sant\u00e9 et l&#039;environnement. Informez-vous d\u00e8s maintenant!\" \/>\n<meta property=\"og:url\" content=\"https:\/\/e2psi.com\/fr\/les-pfas\/\" \/>\n<meta property=\"og:site_name\" content=\"Basler Electric\" \/>\n<meta property=\"article:modified_time\" content=\"2025-09-12T16:55:39+00:00\" \/>\n<meta property=\"og:image\" content=\"https:\/\/e2psi.com\/wp-content\/uploads\/2025\/07\/Basler-Default-Image.jpg\" \/>\n\t<meta property=\"og:image:width\" content=\"1920\" \/>\n\t<meta property=\"og:image:height\" content=\"1080\" \/>\n\t<meta property=\"og:image:type\" content=\"image\/jpeg\" \/>\n<meta name=\"twitter:card\" content=\"summary_large_image\" \/>\n<script type=\"application\/ld+json\" class=\"yoast-schema-graph\">{\"@context\":\"https:\/\/schema.org\",\"@graph\":[{\"@type\":\"WebPage\",\"@id\":\"https:\/\/e2psi.com\/fr\/les-pfas\/\",\"url\":\"https:\/\/e2psi.com\/fr\/les-pfas\/\",\"name\":\"Les PFAS | Basler Electric\",\"isPartOf\":{\"@id\":\"https:\/\/catalog.basler.com\/#website\"},\"datePublished\":\"2025-06-12T16:04:19+00:00\",\"dateModified\":\"2025-09-12T16:55:39+00:00\",\"description\":\"D\u00e9couvrez tout sur les PFAS : ces substances chimiques persistantes et leurs impacts sur la sant\u00e9 et l'environnement. Informez-vous d\u00e8s maintenant!\",\"breadcrumb\":{\"@id\":\"https:\/\/e2psi.com\/fr\/les-pfas\/#breadcrumb\"},\"inLanguage\":\"fr-FR\",\"potentialAction\":[{\"@type\":\"ReadAction\",\"target\":[\"https:\/\/e2psi.com\/fr\/les-pfas\/\"]}]},{\"@type\":\"BreadcrumbList\",\"@id\":\"https:\/\/e2psi.com\/fr\/les-pfas\/#breadcrumb\",\"itemListElement\":[{\"@type\":\"ListItem\",\"position\":1,\"name\":\"Home\",\"item\":\"https:\/\/fr.basler.com\/fr\/\"},{\"@type\":\"ListItem\",\"position\":2,\"name\":\"Les PFAS\"}]},{\"@type\":\"WebSite\",\"@id\":\"https:\/\/catalog.basler.com\/#website\",\"url\":\"https:\/\/catalog.basler.com\/\",\"name\":\"Basler Electric\",\"description\":\"\",\"publisher\":{\"@id\":\"https:\/\/catalog.basler.com\/#organization\"},\"potentialAction\":[{\"@type\":\"SearchAction\",\"target\":{\"@type\":\"EntryPoint\",\"urlTemplate\":\"https:\/\/catalog.basler.com\/?s={search_term_string}\"},\"query-input\":{\"@type\":\"PropertyValueSpecification\",\"valueRequired\":true,\"valueName\":\"search_term_string\"}}],\"inLanguage\":\"fr-FR\"},{\"@type\":\"Organization\",\"@id\":\"https:\/\/catalog.basler.com\/#organization\",\"name\":\"Basler Electric\",\"url\":\"https:\/\/catalog.basler.com\/\",\"logo\":{\"@type\":\"ImageObject\",\"inLanguage\":\"fr-FR\",\"@id\":\"https:\/\/catalog.basler.com\/#\/schema\/logo\/image\/\",\"url\":\"https:\/\/www.basler.com\/wp-content\/uploads\/2025\/10\/Basler-Logo-Favicon.png\",\"contentUrl\":\"https:\/\/www.basler.com\/wp-content\/uploads\/2025\/10\/Basler-Logo-Favicon.png\",\"width\":512,\"height\":512,\"caption\":\"Basler Electric\"},\"image\":{\"@id\":\"https:\/\/catalog.basler.com\/#\/schema\/logo\/image\/\"}}]}<\/script>\n<!-- \/ Yoast SEO plugin. -->","yoast_head_json":{"title":"Les PFAS | Basler Electric","description":"D\u00e9couvrez tout sur les PFAS : ces substances chimiques persistantes et leurs impacts sur la sant\u00e9 et l'environnement. Informez-vous d\u00e8s maintenant!","robots":{"index":"index","follow":"follow","max-snippet":"max-snippet:-1","max-image-preview":"max-image-preview:large","max-video-preview":"max-video-preview:-1"},"canonical":"https:\/\/e2psi.com\/fr\/les-pfas\/","og_locale":"fr_FR","og_type":"article","og_title":"Les PFAS | Basler Electric","og_description":"D\u00e9couvrez tout sur les PFAS : ces substances chimiques persistantes et leurs impacts sur la sant\u00e9 et l'environnement. Informez-vous d\u00e8s maintenant!","og_url":"https:\/\/e2psi.com\/fr\/les-pfas\/","og_site_name":"Basler Electric","article_modified_time":"2025-09-12T16:55:39+00:00","og_image":[{"width":1920,"height":1080,"url":"https:\/\/e2psi.com\/wp-content\/uploads\/2025\/07\/Basler-Default-Image.jpg","type":"image\/jpeg"}],"twitter_card":"summary_large_image","schema":{"@context":"https:\/\/schema.org","@graph":[{"@type":"WebPage","@id":"https:\/\/e2psi.com\/fr\/les-pfas\/","url":"https:\/\/e2psi.com\/fr\/les-pfas\/","name":"Les PFAS | Basler Electric","isPartOf":{"@id":"https:\/\/catalog.basler.com\/#website"},"datePublished":"2025-06-12T16:04:19+00:00","dateModified":"2025-09-12T16:55:39+00:00","description":"D\u00e9couvrez tout sur les PFAS : ces substances chimiques persistantes et leurs impacts sur la sant\u00e9 et l'environnement. Informez-vous d\u00e8s maintenant!","breadcrumb":{"@id":"https:\/\/e2psi.com\/fr\/les-pfas\/#breadcrumb"},"inLanguage":"fr-FR","potentialAction":[{"@type":"ReadAction","target":["https:\/\/e2psi.com\/fr\/les-pfas\/"]}]},{"@type":"BreadcrumbList","@id":"https:\/\/e2psi.com\/fr\/les-pfas\/#breadcrumb","itemListElement":[{"@type":"ListItem","position":1,"name":"Home","item":"https:\/\/fr.basler.com\/fr\/"},{"@type":"ListItem","position":2,"name":"Les PFAS"}]},{"@type":"WebSite","@id":"https:\/\/catalog.basler.com\/#website","url":"https:\/\/catalog.basler.com\/","name":"Basler Electric","description":"","publisher":{"@id":"https:\/\/catalog.basler.com\/#organization"},"potentialAction":[{"@type":"SearchAction","target":{"@type":"EntryPoint","urlTemplate":"https:\/\/catalog.basler.com\/?s={search_term_string}"},"query-input":{"@type":"PropertyValueSpecification","valueRequired":true,"valueName":"search_term_string"}}],"inLanguage":"fr-FR"},{"@type":"Organization","@id":"https:\/\/catalog.basler.com\/#organization","name":"Basler Electric","url":"https:\/\/catalog.basler.com\/","logo":{"@type":"ImageObject","inLanguage":"fr-FR","@id":"https:\/\/catalog.basler.com\/#\/schema\/logo\/image\/","url":"https:\/\/www.basler.com\/wp-content\/uploads\/2025\/10\/Basler-Logo-Favicon.png","contentUrl":"https:\/\/www.basler.com\/wp-content\/uploads\/2025\/10\/Basler-Logo-Favicon.png","width":512,"height":512,"caption":"Basler Electric"},"image":{"@id":"https:\/\/catalog.basler.com\/#\/schema\/logo\/image\/"}}]}},"_links":{"self":[{"href":"https:\/\/e2psi.com\/fr\/wp-json\/wp\/v2\/pages\/54083","targetHints":{"allow":["GET"]}}],"collection":[{"href":"https:\/\/e2psi.com\/fr\/wp-json\/wp\/v2\/pages"}],"about":[{"href":"https:\/\/e2psi.com\/fr\/wp-json\/wp\/v2\/types\/page"}],"author":[{"embeddable":true,"href":"https:\/\/e2psi.com\/fr\/wp-json\/wp\/v2\/users\/1"}],"replies":[{"embeddable":true,"href":"https:\/\/e2psi.com\/fr\/wp-json\/wp\/v2\/comments?post=54083"}],"version-history":[{"count":1,"href":"https:\/\/e2psi.com\/fr\/wp-json\/wp\/v2\/pages\/54083\/revisions"}],"predecessor-version":[{"id":54084,"href":"https:\/\/e2psi.com\/fr\/wp-json\/wp\/v2\/pages\/54083\/revisions\/54084"}],"wp:attachment":[{"href":"https:\/\/e2psi.com\/fr\/wp-json\/wp\/v2\/media?parent=54083"}],"curies":[{"name":"wp","href":"https:\/\/api.w.org\/{rel}","templated":true}]}}