{"id":53683,"date":"2025-07-15T09:25:16","date_gmt":"2025-07-15T14:25:16","guid":{"rendered":"https:\/\/www.basler.com\/universite-de-bale\/"},"modified":"2025-09-10T17:16:01","modified_gmt":"2025-09-10T22:16:01","slug":"universite-de-bale","status":"publish","type":"page","link":"https:\/\/e2psi.com\/fr\/universite-de-bale\/","title":{"rendered":"Universit\u00e9 de B\u00e2le"},"content":{"rendered":"<section  data-block-id=\"hammer_block_a48fbc6e9833397de91ed9fdb3ab843a\" data-block=\"hero-background-image-text\" class=\"block block-hero-background-image-text hero-background-image-text spacing-top-default spacing-bottom-default style-compact\">\t<div class=\"wrapper has-media full-width\">\r\n\t\t<div class=\"inner\">\r\n\t\t\t<figure id=\"hammer_component_69de7becaded3\" data-component=\"image\" class=\"component component-image image bg-image has-overlay\">\n        <picture class=\"picture\">\n            <img decoding=\"async\" width=\"1600\" height=\"900\" src=\"https:\/\/e2psi.com\/wp-content\/uploads\/2025\/07\/Basler-University-Copy-for-BS-9-1600x900.png\" class=\"img\" alt=\"\" loading=\"lazy\" title=\"\" srcset=\"https:\/\/e2psi.com\/wp-content\/uploads\/2025\/07\/Basler-University-Copy-for-BS-9-1600x900.png 1600w, https:\/\/e2psi.com\/wp-content\/uploads\/2025\/07\/Basler-University-Copy-for-BS-9-768x432.png 768w, https:\/\/e2psi.com\/wp-content\/uploads\/2025\/07\/Basler-University-Copy-for-BS-9-1024x576.png 1024w, https:\/\/e2psi.com\/wp-content\/uploads\/2025\/07\/Basler-University-Copy-for-BS-9-150x84.png 150w, https:\/\/e2psi.com\/wp-content\/uploads\/2025\/07\/Basler-University-Copy-for-BS-9-414x233.png 414w, https:\/\/e2psi.com\/wp-content\/uploads\/2025\/07\/Basler-University-Copy-for-BS-9.png 1920w\" sizes=\"auto, (max-width: 1600px) 100vw, 1600px\">        <\/picture>\n\n            <\/figure>\n\r\n\t\t\t<div id=\"hammer_component_69de7becae671\" data-component=\"video-player\" class=\"component component-video-player video-player bg-video\">\n        \n                    <video autoplay loop muted playsinline><source src=\"https:\/\/e2psi.com\/wp-content\/uploads\/2025\/08\/LECTURE_CLIPS_V4.mp4\" type=\"video\/mp4\"><\/source><\/video>        \n        <div class=\"play-button-wrapper\">\n            <button type=\"button\" class=\"video-play-button \">\n                <span id=\"hammer_component_69de7becae6d8\" data-component=\"icon\" class=\"component component-icon icon has-style style-dark\">    <span class=\"icon-wrapper\">\n        <?xml version=\"1.0\" encoding=\"UTF-8\"?> <svg xmlns=\"http:\/\/www.w3.org\/2000\/svg\" width=\"10\" height=\"10\" viewbox=\"0 0 10 10\" fill=\"currentColor\"><path d=\"M10 4.64L0 10V0L10 4.64Z\" fill=\"currentColor\"><\/path><\/svg>     <\/span>\n    \n            <span class=\"sr-only\">Play video<\/span>\n    \n    <\/span>\n            <\/button>\n        <\/div>\n    <\/div>\n\r\n\t\t\t<div class=\"content-wrapper\">\r\n\t\t\t\t<h1 id=\"hammer_component_69de7becae8e2\" data-component=\"headline\" class=\"component component-headline headline title style-default\">Bienvenue &agrave; l&#8217;Universit&eacute; de B&acirc;le<\/h1>\n\r\n\t\t\t\t<div class=\"text\">\r\n\t\t\t\t\t<div id=\"hammer_component_69de7becae93f\" data-component=\"rich-text\" class=\"component component-rich-text rich-text\"><p><strong>&Agrave; l&rsquo;Universit&eacute; Basler, vous trouverez une gamme de ressources de formation, y compris la formation client en personne, l&rsquo;apprentissage virtuel, les cours dirig&eacute;s par un instructeur et les vid&eacute;os &agrave; la demande. Avec l&rsquo;aide de nos formateurs talentueux et exp&eacute;riment&eacute;s, votre &eacute;quipe acquerra les comp&eacute;tences et l&rsquo;expertise dont elle a besoin pour r&eacute;ussir. <\/strong><\/p>\n<\/div>\n\r\n\t\t\t\t\t\t\t\t\t\t\t\t\t\t\t\t\t\t\t\t<\/div>\r\n\r\n\t\t\t<\/div>\r\n\t\t<\/div>\r\n\t<\/div>\r\n<\/section><section  data-block-id=\"hammer_block_78b57ae3fc3689408e3e58db805a71fc\" data-block=\"listing-collapse\" class=\"block block-listing-collapse listing-collapse spacing-top-default spacing-bottom-default\">    \t\t<header class=\"wrapper wrapper-top\">\n            <h2 id=\"hammer_component_69de7becd0563\" data-component=\"headline\" class=\"component component-headline headline style-affichage-petit\">Offres de l&#8217;Universit&eacute; de B&acirc;le<\/h2>\n            \t\t<\/header>\n    \n\t<div class=\"wrapper wrapper-bottom\">\n        \t\t\t<hr class=\"line\" role=\"presentation\"\/>\n\t\t\t<article class=\"post active\" tabindex=\"0\">\n                <figure id=\"hammer_component_69de7becd069b\" data-component=\"image\" class=\"component component-image image\">\n        <picture class=\"picture\">\n            <img decoding=\"async\" width=\"450\" height=\"400\" src=\"https:\/\/e2psi.com\/wp-content\/uploads\/2025\/06\/BU-Software-Technical.webp\" class=\"img\" alt=\"\" loading=\"lazy\" title=\"\" srcset=\"https:\/\/e2psi.com\/wp-content\/uploads\/2025\/06\/BU-Software-Technical.webp 450w, https:\/\/e2psi.com\/wp-content\/uploads\/2025\/06\/BU-Software-Technical-150x133.webp 150w, https:\/\/e2psi.com\/wp-content\/uploads\/2025\/06\/BU-Software-Technical-414x368.webp 414w\" sizes=\"auto, (max-width: 450px) 100vw, 450px\">        <\/picture>\n\n            <\/figure>\n\n\t\t\t\t<div class=\"content\">\n\t\t\t\t\t<div class=\"infos\">\n\t\t\t\t\t\t<h3 class=\"title\">Formation en personne<\/h3>\n\n                        \t\t\t\t\t\t\t<p class=\"excerpt\">Nos instructeurs experts proposent des formations en direct sur nos produits et services.<\/p>\n                        \t\t\t\t\t<\/div>\n\n                    \t\t\t\t\t\t<div class=\"wrapper-button\">\n                            <a id=\"hammer_component_69de7becd0ec7\" data-component=\"button\" class=\"component component-button button style-primaire\" href=\"https:\/\/www.basler.com\/events\/category\/basler-university\/in-person-training\/\" target=\"\" title=\"En savoir plus\" aria-label=\"En savoir plus\">    <span class=\"button-wrapper\">\n                    <strong class=\"button-text\">En savoir plus<\/strong>\n        \n                    <span class=\"icon-wrapper\" aria-hidden=\"true\">\n                <span class=\"button-icon\">\n                    <?xml version=\"1.0\" encoding=\"UTF-8\"?> <svg xmlns=\"http:\/\/www.w3.org\/2000\/svg\" width=\"8\" height=\"8\" viewbox=\"0 0 8 8\" fill=\"currentColor\"><path fill-rule=\"evenodd\" clip-rule=\"evenodd\" d=\"M7.25606 1.27007L0.526065 8L0 7.47393L6.73 0.743975H0.789112V0H8.00004V7.21087H7.25606V1.27007Z\" fill=\"currentColor\"><\/path><\/svg>                 <\/span>\n            <\/span>\n            <\/span>\n    <\/a>\n\t\t\t\t\t\t<\/div>\n                    \t\t\t\t<\/div>\n\t\t\t<\/article>\n        \t\t\t<hr class=\"line\" role=\"presentation\"\/>\n\t\t\t<article class=\"post \" tabindex=\"0\">\n                <figure id=\"hammer_component_69de7becd117e\" data-component=\"image\" class=\"component component-image image\">\n        <picture class=\"picture\">\n            <img decoding=\"async\" width=\"450\" height=\"400\" src=\"https:\/\/e2psi.com\/wp-content\/uploads\/2025\/06\/Video-Library-w-Logo.webp\" class=\"img\" alt=\"\" loading=\"lazy\" title=\"\" srcset=\"https:\/\/e2psi.com\/wp-content\/uploads\/2025\/06\/Video-Library-w-Logo.webp 450w, https:\/\/e2psi.com\/wp-content\/uploads\/2025\/06\/Video-Library-w-Logo-150x133.webp 150w, https:\/\/e2psi.com\/wp-content\/uploads\/2025\/06\/Video-Library-w-Logo-414x368.webp 414w\" sizes=\"auto, (max-width: 450px) 100vw, 450px\">        <\/picture>\n\n            <\/figure>\n\n\t\t\t\t<div class=\"content\">\n\t\t\t\t\t<div class=\"infos\">\n\t\t\t\t\t\t<h3 class=\"title\">Apprentissage en ligne<\/h3>\n\n                        \t\t\t\t\t\t\t<p class=\"excerpt\">Nos options de webinaires en ligne vous permettent d&#8217;assister \u00e0 des cours en direct anim\u00e9s par un instructeur Basler depuis votre domicile ou votre bureau.<\/p>\n                        \t\t\t\t\t<\/div>\n\n                    \t\t\t\t\t\t<div class=\"wrapper-button\">\n                            <a id=\"hammer_component_69de7becd18cb\" data-component=\"button\" class=\"component component-button button style-primaire\" href=\"https:\/\/www.basler.com\/events\/category\/basler-university\/elearning\/\" target=\"\" title=\"En savoir plus\" aria-label=\"En savoir plus\">    <span class=\"button-wrapper\">\n                    <strong class=\"button-text\">En savoir plus<\/strong>\n        \n                    <span class=\"icon-wrapper\" aria-hidden=\"true\">\n                <span class=\"button-icon\">\n                    <?xml version=\"1.0\" encoding=\"UTF-8\"?> <svg xmlns=\"http:\/\/www.w3.org\/2000\/svg\" width=\"8\" height=\"8\" viewbox=\"0 0 8 8\" fill=\"currentColor\"><path fill-rule=\"evenodd\" clip-rule=\"evenodd\" d=\"M7.25606 1.27007L0.526065 8L0 7.47393L6.73 0.743975H0.789112V0H8.00004V7.21087H7.25606V1.27007Z\" fill=\"currentColor\"><\/path><\/svg>                 <\/span>\n            <\/span>\n            <\/span>\n    <\/a>\n\t\t\t\t\t\t<\/div>\n                    \t\t\t\t<\/div>\n\t\t\t<\/article>\n        \t\t\t<hr class=\"line\" role=\"presentation\"\/>\n\t\t\t<article class=\"post \" tabindex=\"0\">\n                <figure id=\"hammer_component_69de7becd1b39\" data-component=\"image\" class=\"component component-image image\">\n        <picture class=\"picture\">\n            <img decoding=\"async\" width=\"450\" height=\"400\" src=\"https:\/\/e2psi.com\/wp-content\/uploads\/2025\/06\/Untitled-12.webp\" class=\"img\" alt=\"\" loading=\"lazy\" title=\"\" srcset=\"https:\/\/e2psi.com\/wp-content\/uploads\/2025\/06\/Untitled-12.webp 450w, https:\/\/e2psi.com\/wp-content\/uploads\/2025\/06\/Untitled-12-150x133.webp 150w, https:\/\/e2psi.com\/wp-content\/uploads\/2025\/06\/Untitled-12-414x368.webp 414w\" sizes=\"auto, (max-width: 450px) 100vw, 450px\">        <\/picture>\n\n            <\/figure>\n\n\t\t\t\t<div class=\"content\">\n\t\t\t\t\t<div class=\"infos\">\n\t\t\t\t\t\t<h3 class=\"title\">\u00c0 la demande<\/h3>\n\n                        \t\t\t\t\t\t\t<p class=\"excerpt\">Notre biblioth\u00e8que de vid\u00e9os \u00e0 la demande vous permet d&#8217;apprendre \u00e0 votre rythme. Trouvez le sujet de votre choix et apprenez au fur et \u00e0 mesure. <\/p>\n                        \t\t\t\t\t<\/div>\n\n                    \t\t\t\t\t\t<div class=\"wrapper-button\">\n                            <a id=\"hammer_component_69de7becd22b1\" data-component=\"button\" class=\"component component-button button style-primaire\" href=\"https:\/\/www.basler.com\/on-demand-videos\/\" target=\"\" title=\"En savoir plus\" aria-label=\"En savoir plus\">    <span class=\"button-wrapper\">\n                    <strong class=\"button-text\">En savoir plus<\/strong>\n        \n                    <span class=\"icon-wrapper\" aria-hidden=\"true\">\n                <span class=\"button-icon\">\n                    <?xml version=\"1.0\" encoding=\"UTF-8\"?> <svg xmlns=\"http:\/\/www.w3.org\/2000\/svg\" width=\"8\" height=\"8\" viewbox=\"0 0 8 8\" fill=\"currentColor\"><path fill-rule=\"evenodd\" clip-rule=\"evenodd\" d=\"M7.25606 1.27007L0.526065 8L0 7.47393L6.73 0.743975H0.789112V0H8.00004V7.21087H7.25606V1.27007Z\" fill=\"currentColor\"><\/path><\/svg>                 <\/span>\n            <\/span>\n            <\/span>\n    <\/a>\n\t\t\t\t\t\t<\/div>\n                    \t\t\t\t<\/div>\n\t\t\t<\/article>\n        \t\t\t<hr class=\"line\" role=\"presentation\"\/>\n\t\t\t<article class=\"post \" tabindex=\"0\">\n                <figure id=\"hammer_component_69de7becd24f0\" data-component=\"image\" class=\"component component-image image\">\n        <picture class=\"picture\">\n            <img decoding=\"async\" width=\"450\" height=\"400\" src=\"https:\/\/e2psi.com\/wp-content\/uploads\/2025\/06\/Untitled-13.webp\" class=\"img\" alt=\"\" loading=\"lazy\" title=\"\" srcset=\"https:\/\/e2psi.com\/wp-content\/uploads\/2025\/06\/Untitled-13.webp 450w, https:\/\/e2psi.com\/wp-content\/uploads\/2025\/06\/Untitled-13-150x133.webp 150w, https:\/\/e2psi.com\/wp-content\/uploads\/2025\/06\/Untitled-13-414x368.webp 414w\" sizes=\"auto, (max-width: 450px) 100vw, 450px\">        <\/picture>\n\n            <\/figure>\n\n\t\t\t\t<div class=\"content\">\n\t\t\t\t\t<div class=\"infos\">\n\t\t\t\t\t\t<h3 class=\"title\">Formation sur mesure<\/h3>\n\n                        \t\t\t\t\t\t\t<p class=\"excerpt\">Que vous souhaitiez approfondir la compr\u00e9hension des produits et syst\u00e8mes Basler, am\u00e9liorer vos comp\u00e9tences en mati\u00e8re de d\u00e9pannage ou former de nouveaux employ\u00e9s, nous pouvons travailler avec vous pour d\u00e9velopper un programme adapt\u00e9 \u00e0 vos objectifs. La formation peut \u00eatre dispens\u00e9e sur votre site ou sur le n\u00f4tre.   <\/p>\n                        \t\t\t\t\t<\/div>\n\n                    \t\t\t\t\t\t<div class=\"wrapper-button\">\n                            <a id=\"hammer_component_69de7becd2bc6\" data-component=\"button\" class=\"component component-button button style-primaire\" href=\"https:\/\/www.basler.com\/custom-training\/\" target=\"\" title=\"Contactez nous\" aria-label=\"Contactez nous\">    <span class=\"button-wrapper\">\n                    <strong class=\"button-text\">Contactez nous<\/strong>\n        \n                    <span class=\"icon-wrapper\" aria-hidden=\"true\">\n                <span class=\"button-icon\">\n                    <?xml version=\"1.0\" encoding=\"UTF-8\"?> <svg xmlns=\"http:\/\/www.w3.org\/2000\/svg\" width=\"8\" height=\"8\" viewbox=\"0 0 8 8\" fill=\"currentColor\"><path fill-rule=\"evenodd\" clip-rule=\"evenodd\" d=\"M7.25606 1.27007L0.526065 8L0 7.47393L6.73 0.743975H0.789112V0H8.00004V7.21087H7.25606V1.27007Z\" fill=\"currentColor\"><\/path><\/svg>                 <\/span>\n            <\/span>\n            <\/span>\n    <\/a>\n\t\t\t\t\t\t<\/div>\n                    \t\t\t\t<\/div>\n\t\t\t<\/article>\n        \t\t<hr class=\"line\" role=\"presentation\"\/>\n\t<\/div>\n    <\/section>","protected":false},"excerpt":{"rendered":"","protected":false},"author":87152,"featured_media":0,"parent":0,"menu_order":0,"comment_status":"closed","ping_status":"closed","template":"","meta":{"_acf_changed":false,"content-type":"","inline_featured_image":false,"ep_exclude_from_search":false,"footnotes":""},"class_list":["post-53683","page","type-page","status-publish","hentry"],"acf":[],"yoast_head":"<!-- This site is optimized with the Yoast SEO plugin v26.3 - https:\/\/yoast.com\/wordpress\/plugins\/seo\/ -->\n<title>Universit\u00e9 de B\u00e2le | Basler Electric<\/title>\n<meta name=\"robots\" content=\"index, follow, max-snippet:-1, max-image-preview:large, max-video-preview:-1\" \/>\n<link rel=\"canonical\" href=\"https:\/\/e2psi.com\/fr\/universite-de-bale\/\" \/>\n<meta property=\"og:locale\" content=\"fr_FR\" \/>\n<meta property=\"og:type\" content=\"article\" \/>\n<meta property=\"og:title\" content=\"Universit\u00e9 de B\u00e2le | Basler Electric\" \/>\n<meta property=\"og:url\" content=\"https:\/\/e2psi.com\/fr\/universite-de-bale\/\" \/>\n<meta property=\"og:site_name\" content=\"Basler Electric\" \/>\n<meta property=\"article:modified_time\" content=\"2025-09-10T22:16:01+00:00\" \/>\n<meta property=\"og:image\" content=\"https:\/\/e2psi.com\/wp-content\/uploads\/2025\/07\/Basler-Default-Image.jpg\" \/>\n\t<meta property=\"og:image:width\" content=\"1920\" \/>\n\t<meta property=\"og:image:height\" content=\"1080\" \/>\n\t<meta property=\"og:image:type\" content=\"image\/jpeg\" \/>\n<meta name=\"twitter:card\" content=\"summary_large_image\" \/>\n<script type=\"application\/ld+json\" class=\"yoast-schema-graph\">{\"@context\":\"https:\/\/schema.org\",\"@graph\":[{\"@type\":\"WebPage\",\"@id\":\"https:\/\/e2psi.com\/fr\/universite-de-bale\/\",\"url\":\"https:\/\/e2psi.com\/fr\/universite-de-bale\/\",\"name\":\"Universit\u00e9 de B\u00e2le | Basler Electric\",\"isPartOf\":{\"@id\":\"https:\/\/catalog.basler.com\/#website\"},\"datePublished\":\"2025-07-15T14:25:16+00:00\",\"dateModified\":\"2025-09-10T22:16:01+00:00\",\"breadcrumb\":{\"@id\":\"https:\/\/e2psi.com\/fr\/universite-de-bale\/#breadcrumb\"},\"inLanguage\":\"fr-FR\",\"potentialAction\":[{\"@type\":\"ReadAction\",\"target\":[\"https:\/\/e2psi.com\/fr\/universite-de-bale\/\"]}]},{\"@type\":\"BreadcrumbList\",\"@id\":\"https:\/\/e2psi.com\/fr\/universite-de-bale\/#breadcrumb\",\"itemListElement\":[{\"@type\":\"ListItem\",\"position\":1,\"name\":\"Home\",\"item\":\"https:\/\/fr.basler.com\/fr\/\"},{\"@type\":\"ListItem\",\"position\":2,\"name\":\"Universit\u00e9 de B\u00e2le\"}]},{\"@type\":\"WebSite\",\"@id\":\"https:\/\/catalog.basler.com\/#website\",\"url\":\"https:\/\/catalog.basler.com\/\",\"name\":\"Basler Electric\",\"description\":\"\",\"publisher\":{\"@id\":\"https:\/\/catalog.basler.com\/#organization\"},\"potentialAction\":[{\"@type\":\"SearchAction\",\"target\":{\"@type\":\"EntryPoint\",\"urlTemplate\":\"https:\/\/catalog.basler.com\/?s={search_term_string}\"},\"query-input\":{\"@type\":\"PropertyValueSpecification\",\"valueRequired\":true,\"valueName\":\"search_term_string\"}}],\"inLanguage\":\"fr-FR\"},{\"@type\":\"Organization\",\"@id\":\"https:\/\/catalog.basler.com\/#organization\",\"name\":\"Basler Electric\",\"url\":\"https:\/\/catalog.basler.com\/\",\"logo\":{\"@type\":\"ImageObject\",\"inLanguage\":\"fr-FR\",\"@id\":\"https:\/\/catalog.basler.com\/#\/schema\/logo\/image\/\",\"url\":\"https:\/\/www.basler.com\/wp-content\/uploads\/2025\/10\/Basler-Logo-Favicon.png\",\"contentUrl\":\"https:\/\/www.basler.com\/wp-content\/uploads\/2025\/10\/Basler-Logo-Favicon.png\",\"width\":512,\"height\":512,\"caption\":\"Basler Electric\"},\"image\":{\"@id\":\"https:\/\/catalog.basler.com\/#\/schema\/logo\/image\/\"}}]}<\/script>\n<!-- \/ Yoast SEO plugin. -->","yoast_head_json":{"title":"Universit\u00e9 de B\u00e2le | Basler Electric","robots":{"index":"index","follow":"follow","max-snippet":"max-snippet:-1","max-image-preview":"max-image-preview:large","max-video-preview":"max-video-preview:-1"},"canonical":"https:\/\/e2psi.com\/fr\/universite-de-bale\/","og_locale":"fr_FR","og_type":"article","og_title":"Universit\u00e9 de B\u00e2le | Basler Electric","og_url":"https:\/\/e2psi.com\/fr\/universite-de-bale\/","og_site_name":"Basler Electric","article_modified_time":"2025-09-10T22:16:01+00:00","og_image":[{"width":1920,"height":1080,"url":"https:\/\/e2psi.com\/wp-content\/uploads\/2025\/07\/Basler-Default-Image.jpg","type":"image\/jpeg"}],"twitter_card":"summary_large_image","schema":{"@context":"https:\/\/schema.org","@graph":[{"@type":"WebPage","@id":"https:\/\/e2psi.com\/fr\/universite-de-bale\/","url":"https:\/\/e2psi.com\/fr\/universite-de-bale\/","name":"Universit\u00e9 de B\u00e2le | Basler Electric","isPartOf":{"@id":"https:\/\/catalog.basler.com\/#website"},"datePublished":"2025-07-15T14:25:16+00:00","dateModified":"2025-09-10T22:16:01+00:00","breadcrumb":{"@id":"https:\/\/e2psi.com\/fr\/universite-de-bale\/#breadcrumb"},"inLanguage":"fr-FR","potentialAction":[{"@type":"ReadAction","target":["https:\/\/e2psi.com\/fr\/universite-de-bale\/"]}]},{"@type":"BreadcrumbList","@id":"https:\/\/e2psi.com\/fr\/universite-de-bale\/#breadcrumb","itemListElement":[{"@type":"ListItem","position":1,"name":"Home","item":"https:\/\/fr.basler.com\/fr\/"},{"@type":"ListItem","position":2,"name":"Universit\u00e9 de B\u00e2le"}]},{"@type":"WebSite","@id":"https:\/\/catalog.basler.com\/#website","url":"https:\/\/catalog.basler.com\/","name":"Basler Electric","description":"","publisher":{"@id":"https:\/\/catalog.basler.com\/#organization"},"potentialAction":[{"@type":"SearchAction","target":{"@type":"EntryPoint","urlTemplate":"https:\/\/catalog.basler.com\/?s={search_term_string}"},"query-input":{"@type":"PropertyValueSpecification","valueRequired":true,"valueName":"search_term_string"}}],"inLanguage":"fr-FR"},{"@type":"Organization","@id":"https:\/\/catalog.basler.com\/#organization","name":"Basler Electric","url":"https:\/\/catalog.basler.com\/","logo":{"@type":"ImageObject","inLanguage":"fr-FR","@id":"https:\/\/catalog.basler.com\/#\/schema\/logo\/image\/","url":"https:\/\/www.basler.com\/wp-content\/uploads\/2025\/10\/Basler-Logo-Favicon.png","contentUrl":"https:\/\/www.basler.com\/wp-content\/uploads\/2025\/10\/Basler-Logo-Favicon.png","width":512,"height":512,"caption":"Basler Electric"},"image":{"@id":"https:\/\/catalog.basler.com\/#\/schema\/logo\/image\/"}}]}},"_links":{"self":[{"href":"https:\/\/e2psi.com\/fr\/wp-json\/wp\/v2\/pages\/53683","targetHints":{"allow":["GET"]}}],"collection":[{"href":"https:\/\/e2psi.com\/fr\/wp-json\/wp\/v2\/pages"}],"about":[{"href":"https:\/\/e2psi.com\/fr\/wp-json\/wp\/v2\/types\/page"}],"author":[{"embeddable":true,"href":"https:\/\/e2psi.com\/fr\/wp-json\/wp\/v2\/users\/87152"}],"replies":[{"embeddable":true,"href":"https:\/\/e2psi.com\/fr\/wp-json\/wp\/v2\/comments?post=53683"}],"version-history":[{"count":1,"href":"https:\/\/e2psi.com\/fr\/wp-json\/wp\/v2\/pages\/53683\/revisions"}],"predecessor-version":[{"id":53684,"href":"https:\/\/e2psi.com\/fr\/wp-json\/wp\/v2\/pages\/53683\/revisions\/53684"}],"wp:attachment":[{"href":"https:\/\/e2psi.com\/fr\/wp-json\/wp\/v2\/media?parent=53683"}],"curies":[{"name":"wp","href":"https:\/\/api.w.org\/{rel}","templated":true}]}}