{"id":53524,"date":"2025-06-30T21:18:44","date_gmt":"2025-07-01T02:18:44","guid":{"rendered":"https:\/\/www.basler.com\/assistance-technique-24-7\/"},"modified":"2025-09-10T17:14:00","modified_gmt":"2025-09-10T22:14:00","slug":"assistance-technique-24-7","status":"publish","type":"page","link":"https:\/\/e2psi.com\/fr\/assistance-technique-24-7\/","title":{"rendered":"Assistance technique 24\/7"},"content":{"rendered":"<section  data-block-id=\"hammer_block_4b69bf43f90d22c86a7dba6988235c09\" data-block=\"hero-main\" class=\"block block-hero-main hero-main\">    <div id=\"hammer_component_69de217bb9bc8\" data-component=\"image-video\" class=\"component component-image-video image-video has-overlay\"><figure id=\"hammer_component_69de217bb9bff\" data-component=\"image\" class=\"component component-image image has-overlay\">\n        <picture class=\"picture\">\n            <img fetchpriority=\"high\" decoding=\"async\" width=\"1080\" height=\"700\" src=\"https:\/\/e2psi.com\/wp-content\/uploads\/2025\/07\/Untitled-2-16.png\" class=\"img\" alt=\"\" loading=\"eager\" title=\"\" srcset=\"https:\/\/e2psi.com\/wp-content\/uploads\/2025\/07\/Untitled-2-16.png 1080w, https:\/\/e2psi.com\/wp-content\/uploads\/2025\/07\/Untitled-2-16-768x498.png 768w, https:\/\/e2psi.com\/wp-content\/uploads\/2025\/07\/Untitled-2-16-1024x664.png 1024w, https:\/\/e2psi.com\/wp-content\/uploads\/2025\/07\/Untitled-2-16-150x97.png 150w, https:\/\/e2psi.com\/wp-content\/uploads\/2025\/07\/Untitled-2-16-414x268.png 414w\" sizes=\"(max-width: 1080px) 100vw, 1080px\">        <\/picture>\n\n            <\/figure>\n<\/div>\n\t<div class=\"wrapper\">\n        <h2 id=\"hammer_component_69de217bba1a9\" data-component=\"headline\" class=\"component component-headline headline style-default\">Assistance technique 24\/7  <\/h2>\n\t<\/div>\n\n        <\/section><section  data-block-id=\"hammer_block_d973d09b34da1d504a8530ff2f150217\" data-block=\"text-2\" class=\"block block-text-2 text-2 bg-lumi\u00e8re spacing-top-petit spacing-bottom-petit\">    <div class=\"wrapper\">\n                    <div class=\"headline-wrapper\">\n                <h2 id=\"hammer_component_69de217bd10e2\" data-component=\"headline\" class=\"component component-headline headline style-default\">L&#8217;assistance technique par t&eacute;l&eacute;phone est disponible &agrave; toute heure du jour ou de la nuit, tous les jours de l&#8217;ann&eacute;e.<\/h2>\n            <\/div>\n        \n                    <div class=\"columns \">\n                                    <div class=\"column\">\n                        <div id=\"hammer_component_69de217bd117d\" data-component=\"rich-text\" class=\"component component-rich-text rich-text\"><p><strong>Si&egrave;ge mondial<br>\n<\/strong>Highland, Illinois, USA<br>\n 618<a href=\"tel:618.654.2341\">.654.2341<\/a><br>\n<a href=\"mailto:USATechSupport@basler.com\">USATechSupport@basler.com<\/a><\/p>\n<\/div>\n                    <\/div>\n                                    <div class=\"column\">\n                        <div id=\"hammer_component_69de217bd121e\" data-component=\"rich-text\" class=\"component component-rich-text rich-text\"><p><strong>Basler Electric &ndash; Suzhou<br>\n<\/strong>Basler Electric (Suzhou) Co., Ltd<br>\n<a href=\"mailto:86.512.8227.2881\">86.512.8227.2881<\/a><br>\n<a href=\"mailto:ChinaTechSupport@basler.com\">ChinaTechSupport@basler.com<\/a><\/p>\n<\/div>\n                    <\/div>\n                            <\/div>\n        \n            <\/div>\n    <\/section><div  data-block-id=\"hammer_block_953500d4b55ee6606c312adf6fea0086\" data-block=\"container-background\" class=\"block block-container-background container-background\"><div id=\"hammer_component_69de217deb78b\" data-component=\"image-video\" class=\"component component-image-video image-video\"><figure id=\"hammer_component_69de217deb7a9\" data-component=\"image\" class=\"component component-image image\">\n        <picture class=\"picture\">\n            <img decoding=\"async\" width=\"1560\" height=\"700\" src=\"https:\/\/e2psi.com\/wp-content\/uploads\/2025\/07\/Web-Heros-22-1-1.png\" class=\"img\" alt=\"\" loading=\"eager\" title=\"\" srcset=\"https:\/\/e2psi.com\/wp-content\/uploads\/2025\/07\/Web-Heros-22-1-1.png 1560w, https:\/\/e2psi.com\/wp-content\/uploads\/2025\/07\/Web-Heros-22-1-1-768x345.png 768w, https:\/\/e2psi.com\/wp-content\/uploads\/2025\/07\/Web-Heros-22-1-1-1024x459.png 1024w, https:\/\/e2psi.com\/wp-content\/uploads\/2025\/07\/Web-Heros-22-1-1-150x67.png 150w, https:\/\/e2psi.com\/wp-content\/uploads\/2025\/07\/Web-Heros-22-1-1-414x186.png 414w\" sizes=\"(max-width: 1560px) 100vw, 1560px\">        <\/picture>\n\n            <\/figure>\n<\/div>\n\n<div  data-block-id=\"hammer_block_5f11df433348a3156fe7f678f11a41cb\" data-block=\"container\" class=\"block block-container container\">\n<div  data-block-id=\"hammer_block_02768a3f0553c294c3e34761a501e888\" data-block=\"text\" class=\"block block-text text component-rich-text type-paragraphe size-medium style-sombre\"><h1>Les services d&#8217;urgence apr\u00e8s les heures de bureau comprennent :<\/h1>\n<p>&nbsp;<\/p>\n<\/div>\n\n<div  data-block-id=\"hammer_block_dbefacbf5f54ccc0318bd9f5c5de281a\" data-block=\"text\" class=\"block block-text text component-rich-text type-paragraphe size-medium style-sombre\"><h2>D\u00e9pannage des syst\u00e8mes d&#8217;excitation<\/h2>\n<h2>Analyse des donn\u00e9es relatives aux d\u00e9fauts de protection<\/h2>\n<h2>Aide au d\u00e9marrage des g\u00e9n\u00e9rateurs<\/h2>\n<h2>Examen du produit de remplacement<\/h2>\n<h2>\u00c9valuation des param\u00e8tres personnalis\u00e9s<\/h2>\n<h2>Et bien d&#8217;autres choses encore ! Contactez-nous d\u00e8s aujourd&#8217;hui pour obtenir de l&#8217;aide. <\/h2>\n<\/div>\n<\/div>\n<\/div>","protected":false},"excerpt":{"rendered":"","protected":false},"author":1,"featured_media":0,"parent":0,"menu_order":0,"comment_status":"closed","ping_status":"closed","template":"","meta":{"_acf_changed":false,"content-type":"","inline_featured_image":false,"ep_exclude_from_search":false,"footnotes":""},"class_list":["post-53524","page","type-page","status-publish","hentry"],"acf":[],"yoast_head":"<!-- This site is optimized with the Yoast SEO plugin v26.3 - https:\/\/yoast.com\/wordpress\/plugins\/seo\/ -->\n<title>Assistance technique 24\/7 | Basler Electric<\/title>\n<meta name=\"robots\" content=\"index, follow, max-snippet:-1, max-image-preview:large, max-video-preview:-1\" \/>\n<link rel=\"canonical\" href=\"https:\/\/e2psi.com\/fr\/assistance-technique-24-7\/\" \/>\n<meta property=\"og:locale\" content=\"fr_FR\" \/>\n<meta property=\"og:type\" content=\"article\" \/>\n<meta property=\"og:title\" content=\"Assistance technique 24\/7 | Basler Electric\" \/>\n<meta property=\"og:url\" content=\"https:\/\/e2psi.com\/fr\/assistance-technique-24-7\/\" \/>\n<meta property=\"og:site_name\" content=\"Basler Electric\" \/>\n<meta property=\"article:modified_time\" content=\"2025-09-10T22:14:00+00:00\" \/>\n<meta property=\"og:image\" content=\"https:\/\/e2psi.com\/wp-content\/uploads\/2025\/07\/Basler-Default-Image.jpg\" \/>\n\t<meta property=\"og:image:width\" content=\"1920\" \/>\n\t<meta property=\"og:image:height\" content=\"1080\" \/>\n\t<meta property=\"og:image:type\" content=\"image\/jpeg\" \/>\n<meta name=\"twitter:card\" content=\"summary_large_image\" \/>\n<script type=\"application\/ld+json\" class=\"yoast-schema-graph\">{\"@context\":\"https:\/\/schema.org\",\"@graph\":[{\"@type\":\"WebPage\",\"@id\":\"https:\/\/e2psi.com\/fr\/assistance-technique-24-7\/\",\"url\":\"https:\/\/e2psi.com\/fr\/assistance-technique-24-7\/\",\"name\":\"Assistance technique 24\/7 | Basler Electric\",\"isPartOf\":{\"@id\":\"https:\/\/catalog.basler.com\/fr\/#website\"},\"datePublished\":\"2025-07-01T02:18:44+00:00\",\"dateModified\":\"2025-09-10T22:14:00+00:00\",\"breadcrumb\":{\"@id\":\"https:\/\/e2psi.com\/fr\/assistance-technique-24-7\/#breadcrumb\"},\"inLanguage\":\"fr-FR\",\"potentialAction\":[{\"@type\":\"ReadAction\",\"target\":[\"https:\/\/e2psi.com\/fr\/assistance-technique-24-7\/\"]}]},{\"@type\":\"BreadcrumbList\",\"@id\":\"https:\/\/e2psi.com\/fr\/assistance-technique-24-7\/#breadcrumb\",\"itemListElement\":[{\"@type\":\"ListItem\",\"position\":1,\"name\":\"Home\",\"item\":\"https:\/\/fr.basler.com\/fr\/\"},{\"@type\":\"ListItem\",\"position\":2,\"name\":\"Assistance technique 24\/7\"}]},{\"@type\":\"WebSite\",\"@id\":\"https:\/\/catalog.basler.com\/fr\/#website\",\"url\":\"https:\/\/catalog.basler.com\/fr\/\",\"name\":\"Basler Electric\",\"description\":\"\",\"publisher\":{\"@id\":\"https:\/\/catalog.basler.com\/fr\/#organization\"},\"potentialAction\":[{\"@type\":\"SearchAction\",\"target\":{\"@type\":\"EntryPoint\",\"urlTemplate\":\"https:\/\/catalog.basler.com\/fr\/?s={search_term_string}\"},\"query-input\":{\"@type\":\"PropertyValueSpecification\",\"valueRequired\":true,\"valueName\":\"search_term_string\"}}],\"inLanguage\":\"fr-FR\"},{\"@type\":\"Organization\",\"@id\":\"https:\/\/catalog.basler.com\/fr\/#organization\",\"name\":\"Basler Electric\",\"url\":\"https:\/\/catalog.basler.com\/fr\/\",\"logo\":{\"@type\":\"ImageObject\",\"inLanguage\":\"fr-FR\",\"@id\":\"https:\/\/catalog.basler.com\/fr\/#\/schema\/logo\/image\/\",\"url\":\"https:\/\/www.basler.com\/wp-content\/uploads\/2025\/10\/Basler-Logo-Favicon.png\",\"contentUrl\":\"https:\/\/www.basler.com\/wp-content\/uploads\/2025\/10\/Basler-Logo-Favicon.png\",\"width\":512,\"height\":512,\"caption\":\"Basler Electric\"},\"image\":{\"@id\":\"https:\/\/catalog.basler.com\/fr\/#\/schema\/logo\/image\/\"}}]}<\/script>\n<!-- \/ Yoast SEO plugin. -->","yoast_head_json":{"title":"Assistance technique 24\/7 | Basler Electric","robots":{"index":"index","follow":"follow","max-snippet":"max-snippet:-1","max-image-preview":"max-image-preview:large","max-video-preview":"max-video-preview:-1"},"canonical":"https:\/\/e2psi.com\/fr\/assistance-technique-24-7\/","og_locale":"fr_FR","og_type":"article","og_title":"Assistance technique 24\/7 | Basler Electric","og_url":"https:\/\/e2psi.com\/fr\/assistance-technique-24-7\/","og_site_name":"Basler Electric","article_modified_time":"2025-09-10T22:14:00+00:00","og_image":[{"width":1920,"height":1080,"url":"https:\/\/e2psi.com\/wp-content\/uploads\/2025\/07\/Basler-Default-Image.jpg","type":"image\/jpeg"}],"twitter_card":"summary_large_image","schema":{"@context":"https:\/\/schema.org","@graph":[{"@type":"WebPage","@id":"https:\/\/e2psi.com\/fr\/assistance-technique-24-7\/","url":"https:\/\/e2psi.com\/fr\/assistance-technique-24-7\/","name":"Assistance technique 24\/7 | Basler Electric","isPartOf":{"@id":"https:\/\/catalog.basler.com\/fr\/#website"},"datePublished":"2025-07-01T02:18:44+00:00","dateModified":"2025-09-10T22:14:00+00:00","breadcrumb":{"@id":"https:\/\/e2psi.com\/fr\/assistance-technique-24-7\/#breadcrumb"},"inLanguage":"fr-FR","potentialAction":[{"@type":"ReadAction","target":["https:\/\/e2psi.com\/fr\/assistance-technique-24-7\/"]}]},{"@type":"BreadcrumbList","@id":"https:\/\/e2psi.com\/fr\/assistance-technique-24-7\/#breadcrumb","itemListElement":[{"@type":"ListItem","position":1,"name":"Home","item":"https:\/\/fr.basler.com\/fr\/"},{"@type":"ListItem","position":2,"name":"Assistance technique 24\/7"}]},{"@type":"WebSite","@id":"https:\/\/catalog.basler.com\/fr\/#website","url":"https:\/\/catalog.basler.com\/fr\/","name":"Basler Electric","description":"","publisher":{"@id":"https:\/\/catalog.basler.com\/fr\/#organization"},"potentialAction":[{"@type":"SearchAction","target":{"@type":"EntryPoint","urlTemplate":"https:\/\/catalog.basler.com\/fr\/?s={search_term_string}"},"query-input":{"@type":"PropertyValueSpecification","valueRequired":true,"valueName":"search_term_string"}}],"inLanguage":"fr-FR"},{"@type":"Organization","@id":"https:\/\/catalog.basler.com\/fr\/#organization","name":"Basler Electric","url":"https:\/\/catalog.basler.com\/fr\/","logo":{"@type":"ImageObject","inLanguage":"fr-FR","@id":"https:\/\/catalog.basler.com\/fr\/#\/schema\/logo\/image\/","url":"https:\/\/www.basler.com\/wp-content\/uploads\/2025\/10\/Basler-Logo-Favicon.png","contentUrl":"https:\/\/www.basler.com\/wp-content\/uploads\/2025\/10\/Basler-Logo-Favicon.png","width":512,"height":512,"caption":"Basler Electric"},"image":{"@id":"https:\/\/catalog.basler.com\/fr\/#\/schema\/logo\/image\/"}}]}},"_links":{"self":[{"href":"https:\/\/e2psi.com\/fr\/wp-json\/wp\/v2\/pages\/53524","targetHints":{"allow":["GET"]}}],"collection":[{"href":"https:\/\/e2psi.com\/fr\/wp-json\/wp\/v2\/pages"}],"about":[{"href":"https:\/\/e2psi.com\/fr\/wp-json\/wp\/v2\/types\/page"}],"author":[{"embeddable":true,"href":"https:\/\/e2psi.com\/fr\/wp-json\/wp\/v2\/users\/1"}],"replies":[{"embeddable":true,"href":"https:\/\/e2psi.com\/fr\/wp-json\/wp\/v2\/comments?post=53524"}],"version-history":[{"count":1,"href":"https:\/\/e2psi.com\/fr\/wp-json\/wp\/v2\/pages\/53524\/revisions"}],"predecessor-version":[{"id":53525,"href":"https:\/\/e2psi.com\/fr\/wp-json\/wp\/v2\/pages\/53524\/revisions\/53525"}],"wp:attachment":[{"href":"https:\/\/e2psi.com\/fr\/wp-json\/wp\/v2\/media?parent=53524"}],"curies":[{"name":"wp","href":"https:\/\/api.w.org\/{rel}","templated":true}]}}